{"id":3,"date":"2026-02-26T11:13:00","date_gmt":"2026-02-26T10:13:00","guid":{"rendered":"http:\/\/inconnexion.net\/sls\/?page_id=3"},"modified":"2026-03-18T10:50:30","modified_gmt":"2026-03-18T09:50:30","slug":"mentions-legales","status":"publish","type":"page","link":"https:\/\/sls-airport.ch\/de\/mentions-legales\/","title":{"rendered":"Impressum &#038; Datenschutzerkl\u00e4rung"},"content":{"rendered":"<p data-section-id=\"1nbkrpf\" data-start=\"87\" data-end=\"114\">1. Website-Herausgeber<\/p>\n<p data-start=\"115\" data-end=\"171\">Die Website <strong data-start=\"127\" data-end=\"145\">sls-airport.ch<\/strong> wird herausgegeben von:<\/p>\n<p data-start=\"173\" data-end=\"297\"><strong data-start=\"173\" data-end=\"206\">Sabrina Logistics Services AG<\/strong><br data-start=\"206\" data-end=\"209\" \/>In der Schweiz registriertes Unternehmen<br data-start=\"249\" data-end=\"252\" \/>Identifikationsnummer: <strong data-start=\"275\" data-end=\"297\">CH-280.3.032.182-0<\/strong><\/p>\n<p data-section-id=\"1b4f7fi\" data-start=\"299\" data-end=\"348\">2. Verantwortlicher f\u00fcr die Ver\u00f6ffentlichung<\/p>\n<p data-start=\"349\" data-end=\"428\">Verantwortlich f\u00fcr die Ver\u00f6ffentlichung ist:<br data-start=\"393\" data-end=\"396\" \/><strong data-start=\"396\" data-end=\"428\">Frau Sabrina Sigrist Litzler<\/strong><\/p>\n<p data-section-id=\"jedviw\" data-start=\"430\" data-end=\"445\">3. Hosting<\/p>\n<p data-start=\"446\" data-end=\"478\">Die Website wird gehostet von:<\/p>\n<p data-start=\"480\" data-end=\"548\"><strong data-start=\"480\" data-end=\"496\">IN Connexion<\/strong><br data-start=\"496\" data-end=\"499\" \/>7, rue de la Goutte<br data-start=\"518\" data-end=\"521\" \/>68660 Fouchy<br data-start=\"533\" data-end=\"536\" \/>Frankreich<\/p>\n<p data-section-id=\"1kmy41z\" data-start=\"550\" data-end=\"576\">4. Geistiges Eigentum<\/p>\n<p data-start=\"577\" data-end=\"758\">Alle Inhalte auf <strong data-start=\"594\" data-end=\"612\">sls-airport.ch<\/strong> (Texte, Bilder, Grafiken, Logos, Symbole usw.) sind ausschlie\u00dfliches Eigentum von Sabrina Logistics Services AG, sofern nicht anders angegeben.<\/p>\n<p data-start=\"760\" data-end=\"901\">Jegliche Vervielf\u00e4ltigung, Verbreitung, \u00c4nderung oder Nutzung, auch teilweise, ohne vorherige schriftliche Genehmigung ist streng verboten.<\/p>\n<p data-section-id=\"n6vj6h\" data-start=\"903\" data-end=\"918\">5. Haftung<\/p>\n<p data-start=\"919\" data-end=\"1138\">Sabrina Logistics Services AG bem\u00fcht sich, auf der Website m\u00f6glichst genaue Informationen bereitzustellen. Dennoch kann keine Haftung f\u00fcr Auslassungen, Ungenauigkeiten oder fehlende Aktualisierungen \u00fcbernommen werden.<\/p>\n<p data-start=\"1140\" data-end=\"1250\">Die Nutzung der auf der Website bereitgestellten Informationen erfolgt auf eigene Verantwortung des Nutzers.<\/p>\n<p data-section-id=\"1uuiev4\" data-start=\"1252\" data-end=\"1277\">6. Pers\u00f6nliche Daten<\/p>\n<p data-start=\"1278\" data-end=\"1352\">Die Website kann personenbezogene Daten erfassen (Kontaktformular usw.).<\/p>\n<p data-start=\"1354\" data-end=\"1485\">Diese Daten werden ausschlie\u00dflich im Rahmen der Gesch\u00e4ftsbeziehung verwendet und ohne Einwilligung nicht an Dritte weitergegeben.<\/p>\n<p data-start=\"1487\" data-end=\"1689\">Gem\u00e4\u00df der geltenden Gesetzgebung haben Sie das Recht auf Zugriff, Berichtigung und L\u00f6schung Ihrer personenbezogenen Daten.<br data-start=\"1609\" data-end=\"1612\" \/>Zur Aus\u00fcbung dieses Rechts k\u00f6nnen Sie den Website-Herausgeber kontaktieren.<\/p>\n<p data-section-id=\"1z110p7\" data-start=\"1691\" data-end=\"1706\">7. Cookies<\/p>\n<p data-start=\"1707\" data-end=\"1817\">Die Website kann Cookies verwenden, um die Benutzererfahrung zu verbessern und die Besucherzahlen zu messen.<\/p>\n<p data-start=\"1819\" data-end=\"1900\">Der Nutzer kann seinen Browser so konfigurieren, dass Cookies abgelehnt werden.<\/p>\n<p data-section-id=\"p23iln\" data-start=\"1902\" data-end=\"1927\">8. Anwendbares Recht<\/p>\n<p data-start=\"1928\" data-end=\"2112\">Dieses Impressum unterliegt dem Schweizer Recht.<br data-start=\"1976\" data-end=\"1979\" \/>Im Streitfall sind die Gerichte am Sitz von Sabrina Logistics Services AG zust\u00e4ndig, sofern gesetzlich nicht anders vorgeschrieben.<\/p>\n<hr data-start=\"2114\" data-end=\"2117\" \/>\n<p data-section-id=\"1oymf5x\" data-start=\"2119\" data-end=\"2141\">Datenschutzerkl\u00e4rung<\/p>\n<p data-section-id=\"g4po2s\" data-start=\"2143\" data-end=\"2161\">1. Einf\u00fchrung<\/p>\n<p data-start=\"2162\" data-end=\"2308\">Diese Datenschutzerkl\u00e4rung informiert die Nutzer von <strong data-start=\"2215\" data-end=\"2233\">sls-airport.ch<\/strong>, wie ihre personenbezogenen Daten erhoben, genutzt und gesch\u00fctzt werden.<\/p>\n<p data-start=\"2310\" data-end=\"2524\">Der Website-Herausgeber verpflichtet sich zur Einhaltung der geltenden Datenschutzgesetze, insbesondere der <strong data-start=\"2418\" data-end=\"2457\">DSGVO (Datenschutz-Grundverordnung)<\/strong> und des <strong data-start=\"2466\" data-end=\"2521\">Schweizer Bundesgesetzes \u00fcber den Datenschutz (DSG)<\/strong>.<\/p>\n<hr data-start=\"2526\" data-end=\"2529\" \/>\n<p data-section-id=\"2m88wa\" data-start=\"2531\" data-end=\"2581\">2. Verantwortlicher f\u00fcr die Datenverarbeitung<\/p>\n<p data-start=\"2582\" data-end=\"2629\">Verantwortlich f\u00fcr die Datenverarbeitung ist:<\/p>\n<p data-start=\"2631\" data-end=\"2713\"><strong data-start=\"2631\" data-end=\"2664\">Sabrina Logistics Services AG<\/strong><br data-start=\"2664\" data-end=\"2667\" \/>Registrierungsnummer: <strong data-start=\"2689\" data-end=\"2711\">CH-280.3.032.182-0<\/strong><\/p>\n<p data-start=\"2715\" data-end=\"2768\">Verantwortliche Person:<br data-start=\"2738\" data-end=\"2741\" \/><strong data-start=\"2741\" data-end=\"2768\">Sabrina Sigrist Litzler<\/strong><\/p>\n<hr data-start=\"2770\" data-end=\"2773\" \/>\n<p data-section-id=\"kbtmar\" data-start=\"2775\" data-end=\"2797\">3. Erfasste Daten<\/p>\n<p data-start=\"2798\" data-end=\"2853\">Folgende Daten k\u00f6nnen auf der Website erfasst werden:<\/p>\n<ul data-start=\"2855\" data-end=\"3009\">\n<li data-section-id=\"5qgxf6\" data-start=\"2855\" data-end=\"2876\">\n<p data-start=\"2857\" data-end=\"2876\">Vor- und Nachname<\/p>\n<\/li>\n<li data-section-id=\"1iykec3\" data-start=\"2877\" data-end=\"2895\">\n<p data-start=\"2879\" data-end=\"2895\">E-Mail-Adresse<\/p>\n<\/li>\n<li data-section-id=\"3hqahn\" data-start=\"2896\" data-end=\"2913\">\n<p data-start=\"2898\" data-end=\"2913\">Telefonnummer<\/p>\n<\/li>\n<li data-section-id=\"4p8tkv\" data-start=\"2914\" data-end=\"2946\">\n<p data-start=\"2916\" data-end=\"2946\">Informationen aus Formularen<\/p>\n<\/li>\n<li data-section-id=\"1gvyw77\" data-start=\"2947\" data-end=\"3009\">\n<p data-start=\"2949\" data-end=\"3009\">Navigationsdaten (IP-Adresse, Browsertyp, besuchte Seiten)<\/p>\n<\/li>\n<\/ul>\n<hr data-start=\"3011\" data-end=\"3014\" \/>\n<p data-section-id=\"4mu50y\" data-start=\"3016\" data-end=\"3047\">4. Zweck der Datenerhebung<\/p>\n<p data-start=\"3048\" data-end=\"3095\">Die Daten werden f\u00fcr folgende Zwecke erhoben:<\/p>\n<ul data-start=\"3097\" data-end=\"3323\">\n<li data-section-id=\"ilu4no\" data-start=\"3097\" data-end=\"3151\">\n<p data-start=\"3099\" data-end=\"3151\">Beantwortung von Anfragen \u00fcber das Kontaktformular<\/p>\n<\/li>\n<li data-section-id=\"17xh3f6\" data-start=\"3152\" data-end=\"3186\">\n<p data-start=\"3154\" data-end=\"3186\">Verwaltung der Kundenbeziehung<\/p>\n<\/li>\n<li data-section-id=\"o9zebx\" data-start=\"3187\" data-end=\"3238\">\n<p data-start=\"3189\" data-end=\"3238\">Bereitstellung der angebotenen Dienstleistungen<\/p>\n<\/li>\n<li data-section-id=\"vq563p\" data-start=\"3239\" data-end=\"3277\">\n<p data-start=\"3241\" data-end=\"3277\">Verbesserung der Benutzererfahrung<\/p>\n<\/li>\n<li data-section-id=\"16nuj79\" data-start=\"3278\" data-end=\"3323\">\n<p data-start=\"3280\" data-end=\"3323\">Gew\u00e4hrleistung der Sicherheit der Website<\/p>\n<\/li>\n<\/ul>\n<hr data-start=\"3325\" data-end=\"3328\" \/>\n<p data-section-id=\"1vd8gx3\" data-start=\"3330\" data-end=\"3370\">5. Rechtsgrundlage der Verarbeitung<\/p>\n<p data-start=\"3371\" data-end=\"3407\">Die Datenverarbeitung basiert auf:<\/p>\n<ul data-start=\"3409\" data-end=\"3581\">\n<li data-section-id=\"tseedh\" data-start=\"3409\" data-end=\"3437\">\n<p data-start=\"3411\" data-end=\"3437\">Einwilligung des Nutzers<\/p>\n<\/li>\n<li data-section-id=\"1t5desi\" data-start=\"3438\" data-end=\"3498\">\n<p data-start=\"3440\" data-end=\"3498\">Erf\u00fcllung eines Vertrags oder vorvertraglicher Ma\u00dfnahmen<\/p>\n<\/li>\n<li data-section-id=\"1necf1o\" data-start=\"3499\" data-end=\"3581\">\n<p data-start=\"3501\" data-end=\"3581\">Berechtigtem Interesse des Unternehmens (Sicherheit, Verbesserung der Dienste)<\/p>\n<\/li>\n<\/ul>\n<hr data-start=\"3583\" data-end=\"3586\" \/>\n<p data-section-id=\"148uszw\" data-start=\"3588\" data-end=\"3614\">6. Aufbewahrungsdauer<\/p>\n<p data-start=\"3615\" data-end=\"3681\">Die Daten werden nur so lange gespeichert, wie es notwendig ist:<\/p>\n<ul data-start=\"3683\" data-end=\"3856\">\n<li data-section-id=\"6anhax\" data-start=\"3683\" data-end=\"3728\">\n<p data-start=\"3685\" data-end=\"3728\">Kundendaten: Dauer der Gesch\u00e4ftsbeziehung<\/p>\n<\/li>\n<li data-section-id=\"oi4plj\" data-start=\"3729\" data-end=\"3788\">\n<p data-start=\"3731\" data-end=\"3788\">Kontaktdaten: bis zu 3 Jahre nach dem letzten Austausch<\/p>\n<\/li>\n<li data-section-id=\"1nra94f\" data-start=\"3789\" data-end=\"3856\">\n<p data-start=\"3791\" data-end=\"3856\">Technische Daten: begrenzte Dauer (gem\u00e4\u00df gesetzlicher Vorgaben)<\/p>\n<\/li>\n<\/ul>\n<hr data-start=\"3858\" data-end=\"3861\" \/>\n<p data-section-id=\"sstv9b\" data-start=\"3863\" data-end=\"3886\">7. Datenweitergabe<\/p>\n<p data-start=\"3887\" data-end=\"3949\">Personenbezogene Daten werden weder verkauft noch vermietet.<\/p>\n<p data-start=\"3951\" data-end=\"3992\">Sie k\u00f6nnen nur weitergegeben werden an:<\/p>\n<ul data-start=\"3994\" data-end=\"4086\">\n<li data-section-id=\"1g5xd14\" data-start=\"3994\" data-end=\"4041\">\n<p data-start=\"3996\" data-end=\"4041\">Technische Dienstleister (Hosting, Wartung)<\/p>\n<\/li>\n<li data-section-id=\"m0yrtg\" data-start=\"4042\" data-end=\"4086\">\n<p data-start=\"4044\" data-end=\"4086\">Gesetzliche Beh\u00f6rden, falls erforderlich<\/p>\n<\/li>\n<\/ul>\n<hr data-start=\"4088\" data-end=\"4091\" \/>\n<p data-section-id=\"1c8938p\" data-start=\"4093\" data-end=\"4113\">8. Datenhosting<\/p>\n<p data-start=\"4114\" data-end=\"4146\">Die Website wird gehostet von:<\/p>\n<p data-start=\"4148\" data-end=\"4216\"><strong data-start=\"4148\" data-end=\"4164\">IN Connexion<\/strong><br data-start=\"4164\" data-end=\"4167\" \/>7, rue de la Goutte<br data-start=\"4186\" data-end=\"4189\" \/>68660 Fouchy<br data-start=\"4201\" data-end=\"4204\" \/>Frankreich<\/p>\n<p data-start=\"4218\" data-end=\"4295\">Daten k\u00f6nnen in der Schweiz oder in der Europ\u00e4ischen Union gehostet werden.<\/p>\n<hr data-start=\"4297\" data-end=\"4300\" \/>\n<p data-section-id=\"14w54zp\" data-start=\"4302\" data-end=\"4317\">9. Cookies<\/p>\n<p data-start=\"4318\" data-end=\"4359\">Die Website kann Cookies verwenden, um:<\/p>\n<ul data-start=\"4361\" data-end=\"4422\">\n<li data-section-id=\"9c59ql\" data-start=\"4361\" data-end=\"4389\">\n<p data-start=\"4363\" data-end=\"4389\">Besucherzahlen zu messen<\/p>\n<\/li>\n<li data-section-id=\"1afo6pm\" data-start=\"4390\" data-end=\"4422\">\n<p data-start=\"4392\" data-end=\"4422\">Die Navigation zu verbessern<\/p>\n<\/li>\n<\/ul>\n<p data-start=\"4424\" data-end=\"4488\">Nutzer k\u00f6nnen Cookies \u00fcber ihre Browsereinstellungen ablehnen.<\/p>\n<hr data-start=\"4490\" data-end=\"4493\" \/>\n<p data-section-id=\"fk19ja\" data-start=\"4495\" data-end=\"4519\">10. Datensicherheit<\/p>\n<p data-start=\"4520\" data-end=\"4668\">Sabrina Logistics Services AG setzt alle erforderlichen technischen und organisatorischen Ma\u00dfnahmen um, um personenbezogene Daten zu sch\u00fctzen vor:<\/p>\n<ul data-start=\"4670\" data-end=\"4720\">\n<li data-section-id=\"14f1inj\" data-start=\"4670\" data-end=\"4692\">\n<p data-start=\"4672\" data-end=\"4692\">Unbefugtem Zugriff<\/p>\n<\/li>\n<li data-section-id=\"1154upj\" data-start=\"4693\" data-end=\"4704\">\n<p data-start=\"4695\" data-end=\"4704\">Verlust<\/p>\n<\/li>\n<li data-section-id=\"rvh4zi\" data-start=\"4705\" data-end=\"4720\">\n<p data-start=\"4707\" data-end=\"4720\">Offenlegung<\/p>\n<\/li>\n<\/ul>\n<hr data-start=\"4722\" data-end=\"4725\" \/>\n<p data-section-id=\"h2to8n\" data-start=\"4727\" data-end=\"4753\">11. Rechte der Nutzer<\/p>\n<p data-start=\"4754\" data-end=\"4811\">Gem\u00e4\u00df geltender Vorschriften haben Sie folgende Rechte:<\/p>\n<ul data-start=\"4813\" data-end=\"4991\">\n<li data-section-id=\"1pzktnb\" data-start=\"4813\" data-end=\"4835\">\n<p data-start=\"4815\" data-end=\"4835\">Recht auf Auskunft<\/p>\n<\/li>\n<li data-section-id=\"oqy0kj\" data-start=\"4836\" data-end=\"4862\">\n<p data-start=\"4838\" data-end=\"4862\">Recht auf Berichtigung<\/p>\n<\/li>\n<li data-section-id=\"8ks72k\" data-start=\"4863\" data-end=\"4885\">\n<p data-start=\"4865\" data-end=\"4885\">Recht auf L\u00f6schung<\/p>\n<\/li>\n<li data-section-id=\"usctw0\" data-start=\"4886\" data-end=\"4911\">\n<p data-start=\"4888\" data-end=\"4911\">Recht auf Widerspruch<\/p>\n<\/li>\n<li data-section-id=\"11nj6hs\" data-start=\"4912\" data-end=\"4956\">\n<p data-start=\"4914\" data-end=\"4956\">Recht auf Einschr\u00e4nkung der Verarbeitung<\/p>\n<\/li>\n<li data-section-id=\"1ke817n\" data-start=\"4957\" data-end=\"4991\">\n<p data-start=\"4959\" data-end=\"4991\">Recht auf Daten\u00fcbertragbarkeit<\/p>\n<\/li>\n<\/ul>\n<p data-start=\"4993\" data-end=\"5070\">Zur Aus\u00fcbung dieser Rechte k\u00f6nnen Sie den Website-Herausgeber kontaktieren.<\/p>\n<hr data-start=\"5072\" data-end=\"5075\" \/>\n<p data-section-id=\"1peuwl3\" data-start=\"5077\" data-end=\"5120\">12. Daten\u00fcbermittlung au\u00dferhalb der EU<\/p>\n<p data-start=\"5121\" data-end=\"5305\">Einige Daten k\u00f6nnen au\u00dferhalb der Europ\u00e4ischen Union oder der Schweiz \u00fcbertragen werden.<br data-start=\"5209\" data-end=\"5212\" \/>In diesem Fall werden geeignete Schutzma\u00dfnahmen getroffen (z.\u202fB. Standardvertragsklauseln).<\/p>\n<hr data-start=\"5307\" data-end=\"5310\" \/>\n<p data-section-id=\"eyksnw\" data-start=\"5312\" data-end=\"5344\">13. \u00c4nderung der Richtlinie<\/p>\n<p data-start=\"5345\" data-end=\"5501\">Sabrina Logistics Services AG beh\u00e4lt sich das Recht vor, diese Richtlinie jederzeit zu \u00e4ndern.<br data-start=\"5439\" data-end=\"5442\" \/>Nutzer werden aufgefordert, sie regelm\u00e4\u00dfig zu \u00fcberpr\u00fcfen.<\/p>\n<hr data-start=\"5503\" data-end=\"5506\" \/>\n<p data-section-id=\"1jn2dhq\" data-start=\"5508\" data-end=\"5524\">14. Kontakt<\/p>\n<p data-start=\"5525\" data-end=\"5554\">Bei Fragen zum Datenschutz:<\/p>\n<p data-start=\"5556\" data-end=\"5589\"><strong data-start=\"5556\" data-end=\"5567\">E-Mail:<\/strong> <a class=\"decorated-link cursor-pointer\" rel=\"noopener\" data-start=\"5568\" data-end=\"5587\">info@sls-airport.ch<\/a><\/p>\n<hr data-start=\"5591\" data-end=\"5594\" \/>\n<p data-start=\"5596\" data-end=\"5762\">\n","protected":false},"excerpt":{"rendered":"<p>1. Website-Herausgeber Die Website sls-airport.ch wird herausgegeben von: Sabrina Logistics  [&#8230;]<\/p>\n","protected":false},"author":1,"featured_media":0,"parent":0,"menu_order":0,"comment_status":"closed","ping_status":"open","template":"","meta":{"_acf_changed":false,"footnotes":""},"class_list":["post-3","page","type-page","status-publish","hentry"],"acf":[],"yoast_head":"<!-- This site is optimized with the Yoast SEO plugin v27.3 - https:\/\/yoast.com\/product\/yoast-seo-wordpress\/ -->\n<title>Impressum &amp; Datenschutzerkl\u00e4rung - Sabrina Logistics Services AG - SLS Airport<\/title>\n<meta name=\"robots\" content=\"index, follow, max-snippet:-1, max-image-preview:large, max-video-preview:-1\" \/>\n<link rel=\"canonical\" href=\"https:\/\/sls-airport.ch\/de\/mentions-legales\/\" \/>\n<meta property=\"og:locale\" content=\"fr_FR\" \/>\n<meta property=\"og:type\" content=\"article\" \/>\n<meta property=\"og:title\" content=\"Impressum &amp; Datenschutzerkl\u00e4rung - Sabrina Logistics Services AG - SLS Airport\" \/>\n<meta property=\"og:description\" content=\"1. Website-Herausgeber Die Website sls-airport.ch wird herausgegeben von: Sabrina Logistics [...]\" \/>\n<meta property=\"og:url\" content=\"https:\/\/sls-airport.ch\/de\/mentions-legales\/\" \/>\n<meta property=\"og:site_name\" content=\"Sabrina Logistics Services AG - SLS Airport\" \/>\n<meta property=\"article:modified_time\" content=\"2026-03-18T09:50:30+00:00\" \/>\n<meta name=\"twitter:card\" content=\"summary_large_image\" \/>\n<meta name=\"twitter:label1\" content=\"Dur\u00e9e de lecture estim\u00e9e\" \/>\n\t<meta name=\"twitter:data1\" content=\"4 minutes\" \/>\n<script type=\"application\/ld+json\" class=\"yoast-schema-graph\">{\"@context\":\"https:\\\/\\\/schema.org\",\"@graph\":[{\"@type\":\"WebPage\",\"@id\":\"https:\\\/\\\/sls-airport.ch\\\/de\\\/mentions-legales\\\/\",\"url\":\"https:\\\/\\\/sls-airport.ch\\\/de\\\/mentions-legales\\\/\",\"name\":\"Impressum & Datenschutzerkl\u00e4rung - Sabrina Logistics Services AG - SLS Airport\",\"isPartOf\":{\"@id\":\"https:\\\/\\\/sls-airport.ch\\\/de\\\/#website\"},\"datePublished\":\"2026-02-26T10:13:00+00:00\",\"dateModified\":\"2026-03-18T09:50:30+00:00\",\"breadcrumb\":{\"@id\":\"https:\\\/\\\/sls-airport.ch\\\/de\\\/mentions-legales\\\/#breadcrumb\"},\"inLanguage\":\"fr-FR\",\"potentialAction\":[{\"@type\":\"ReadAction\",\"target\":[\"https:\\\/\\\/sls-airport.ch\\\/de\\\/mentions-legales\\\/\"]}]},{\"@type\":\"BreadcrumbList\",\"@id\":\"https:\\\/\\\/sls-airport.ch\\\/de\\\/mentions-legales\\\/#breadcrumb\",\"itemListElement\":[{\"@type\":\"ListItem\",\"position\":1,\"name\":\"Accueil\",\"item\":\"https:\\\/\\\/sls-airport.ch\\\/de\\\/\"},{\"@type\":\"ListItem\",\"position\":2,\"name\":\"Impressum &#038; Datenschutzerkl\u00e4rung\"}]},{\"@type\":\"WebSite\",\"@id\":\"https:\\\/\\\/sls-airport.ch\\\/de\\\/#website\",\"url\":\"https:\\\/\\\/sls-airport.ch\\\/de\\\/\",\"name\":\"Sabrina Logistics Services AG - SLS Airport\",\"description\":\"Euroairport Basel Mulhouse\",\"publisher\":{\"@id\":\"https:\\\/\\\/sls-airport.ch\\\/de\\\/#organization\"},\"potentialAction\":[{\"@type\":\"SearchAction\",\"target\":{\"@type\":\"EntryPoint\",\"urlTemplate\":\"https:\\\/\\\/sls-airport.ch\\\/de\\\/?s={search_term_string}\"},\"query-input\":{\"@type\":\"PropertyValueSpecification\",\"valueRequired\":true,\"valueName\":\"search_term_string\"}}],\"inLanguage\":\"fr-FR\"},{\"@type\":\"Organization\",\"@id\":\"https:\\\/\\\/sls-airport.ch\\\/de\\\/#organization\",\"name\":\"Sabrina Logistics Services AG - SLS Airport\",\"url\":\"https:\\\/\\\/sls-airport.ch\\\/de\\\/\",\"logo\":{\"@type\":\"ImageObject\",\"inLanguage\":\"fr-FR\",\"@id\":\"https:\\\/\\\/sls-airport.ch\\\/de\\\/#\\\/schema\\\/logo\\\/image\\\/\",\"url\":\"https:\\\/\\\/sls-airport.ch\\\/de\\\/wp-content\\\/uploads\\\/2024\\\/04\\\/Logo-SLS-AG.jpg\",\"contentUrl\":\"https:\\\/\\\/sls-airport.ch\\\/de\\\/wp-content\\\/uploads\\\/2024\\\/04\\\/Logo-SLS-AG.jpg\",\"width\":325,\"height\":129,\"caption\":\"Sabrina Logistics Services AG - SLS Airport\"},\"image\":{\"@id\":\"https:\\\/\\\/sls-airport.ch\\\/de\\\/#\\\/schema\\\/logo\\\/image\\\/\"}}]}<\/script>\n<!-- \/ Yoast SEO plugin. -->","yoast_head_json":{"title":"Impressum & Datenschutzerkl\u00e4rung - Sabrina Logistics Services AG - SLS Airport","robots":{"index":"index","follow":"follow","max-snippet":"max-snippet:-1","max-image-preview":"max-image-preview:large","max-video-preview":"max-video-preview:-1"},"canonical":"https:\/\/sls-airport.ch\/de\/mentions-legales\/","og_locale":"fr_FR","og_type":"article","og_title":"Impressum & Datenschutzerkl\u00e4rung - Sabrina Logistics Services AG - SLS Airport","og_description":"1. Website-Herausgeber Die Website sls-airport.ch wird herausgegeben von: Sabrina Logistics [...]","og_url":"https:\/\/sls-airport.ch\/de\/mentions-legales\/","og_site_name":"Sabrina Logistics Services AG - SLS Airport","article_modified_time":"2026-03-18T09:50:30+00:00","twitter_card":"summary_large_image","twitter_misc":{"Dur\u00e9e de lecture estim\u00e9e":"4 minutes"},"schema":{"@context":"https:\/\/schema.org","@graph":[{"@type":"WebPage","@id":"https:\/\/sls-airport.ch\/de\/mentions-legales\/","url":"https:\/\/sls-airport.ch\/de\/mentions-legales\/","name":"Impressum & Datenschutzerkl\u00e4rung - Sabrina Logistics Services AG - SLS Airport","isPartOf":{"@id":"https:\/\/sls-airport.ch\/de\/#website"},"datePublished":"2026-02-26T10:13:00+00:00","dateModified":"2026-03-18T09:50:30+00:00","breadcrumb":{"@id":"https:\/\/sls-airport.ch\/de\/mentions-legales\/#breadcrumb"},"inLanguage":"fr-FR","potentialAction":[{"@type":"ReadAction","target":["https:\/\/sls-airport.ch\/de\/mentions-legales\/"]}]},{"@type":"BreadcrumbList","@id":"https:\/\/sls-airport.ch\/de\/mentions-legales\/#breadcrumb","itemListElement":[{"@type":"ListItem","position":1,"name":"Accueil","item":"https:\/\/sls-airport.ch\/de\/"},{"@type":"ListItem","position":2,"name":"Impressum &#038; Datenschutzerkl\u00e4rung"}]},{"@type":"WebSite","@id":"https:\/\/sls-airport.ch\/de\/#website","url":"https:\/\/sls-airport.ch\/de\/","name":"Sabrina Logistics Services AG - SLS Airport","description":"Euroairport Basel Mulhouse","publisher":{"@id":"https:\/\/sls-airport.ch\/de\/#organization"},"potentialAction":[{"@type":"SearchAction","target":{"@type":"EntryPoint","urlTemplate":"https:\/\/sls-airport.ch\/de\/?s={search_term_string}"},"query-input":{"@type":"PropertyValueSpecification","valueRequired":true,"valueName":"search_term_string"}}],"inLanguage":"fr-FR"},{"@type":"Organization","@id":"https:\/\/sls-airport.ch\/de\/#organization","name":"Sabrina Logistics Services AG - SLS Airport","url":"https:\/\/sls-airport.ch\/de\/","logo":{"@type":"ImageObject","inLanguage":"fr-FR","@id":"https:\/\/sls-airport.ch\/de\/#\/schema\/logo\/image\/","url":"https:\/\/sls-airport.ch\/de\/wp-content\/uploads\/2024\/04\/Logo-SLS-AG.jpg","contentUrl":"https:\/\/sls-airport.ch\/de\/wp-content\/uploads\/2024\/04\/Logo-SLS-AG.jpg","width":325,"height":129,"caption":"Sabrina Logistics Services AG - SLS Airport"},"image":{"@id":"https:\/\/sls-airport.ch\/de\/#\/schema\/logo\/image\/"}}]}},"_links":{"self":[{"href":"https:\/\/sls-airport.ch\/de\/wp-json\/wp\/v2\/pages\/3","targetHints":{"allow":["GET"]}}],"collection":[{"href":"https:\/\/sls-airport.ch\/de\/wp-json\/wp\/v2\/pages"}],"about":[{"href":"https:\/\/sls-airport.ch\/de\/wp-json\/wp\/v2\/types\/page"}],"author":[{"embeddable":true,"href":"https:\/\/sls-airport.ch\/de\/wp-json\/wp\/v2\/users\/1"}],"replies":[{"embeddable":true,"href":"https:\/\/sls-airport.ch\/de\/wp-json\/wp\/v2\/comments?post=3"}],"version-history":[{"count":4,"href":"https:\/\/sls-airport.ch\/de\/wp-json\/wp\/v2\/pages\/3\/revisions"}],"predecessor-version":[{"id":2387,"href":"https:\/\/sls-airport.ch\/de\/wp-json\/wp\/v2\/pages\/3\/revisions\/2387"}],"wp:attachment":[{"href":"https:\/\/sls-airport.ch\/de\/wp-json\/wp\/v2\/media?parent=3"}],"curies":[{"name":"wp","href":"https:\/\/api.w.org\/{rel}","templated":true}]}}